{"id":5,"date":"2019-11-25T20:13:26","date_gmt":"2019-11-25T20:13:26","guid":{"rendered":"http:\/\/lpz-cosmetics.de\/?page_id=5"},"modified":"2024-01-29T22:36:55","modified_gmt":"2024-01-29T22:36:55","slug":"home","status":"publish","type":"page","link":"https:\/\/lpz-cosmetics.de\/?page_id=5","title":{"rendered":"\u00dcber mich"},"content":{"rendered":"\t\t<div data-elementor-type=\"wp-page\" data-elementor-id=\"5\" class=\"elementor elementor-5\" data-elementor-settings=\"[]\">\n\t\t\t\t\t\t<div class=\"elementor-inner\">\n\t\t\t\t\t\t\t<div class=\"elementor-section-wrap\">\n\t\t\t\t\t\t\t<section class=\"elementor-section elementor-top-section elementor-element elementor-element-da54d25 elementor-section-boxed elementor-section-height-default elementor-section-height-default\" data-id=\"da54d25\" data-element_type=\"section\">\n\t\t\t\t\t\t<div class=\"elementor-container elementor-column-gap-default\">\n\t\t\t\t\t\t\t<div class=\"elementor-row\">\n\t\t\t\t\t<div class=\"elementor-column elementor-col-100 elementor-top-column elementor-element elementor-element-c786f02\" data-id=\"c786f02\" data-element_type=\"column\">\n\t\t\t<div class=\"elementor-column-wrap elementor-element-populated\">\n\t\t\t\t\t\t\t<div class=\"elementor-widget-wrap\">\n\t\t\t\t\t\t<div class=\"elementor-element elementor-element-71ce488 elementor-widget elementor-widget-spacer\" data-id=\"71ce488\" data-element_type=\"widget\" data-widget_type=\"spacer.default\">\n\t\t\t\t<div class=\"elementor-widget-container\">\n\t\t\t\t\t<div class=\"elementor-spacer\">\n\t\t\t<div class=\"elementor-spacer-inner\"><\/div>\n\t\t<\/div>\n\t\t\t\t<\/div>\n\t\t\t\t<\/div>\n\t\t\t\t\t\t<\/div>\n\t\t\t\t\t<\/div>\n\t\t<\/div>\n\t\t\t\t\t\t\t\t<\/div>\n\t\t\t\t\t<\/div>\n\t\t<\/section>\n\t\t\t\t<section class=\"elementor-section elementor-top-section elementor-element elementor-element-ffe710e elementor-section-boxed elementor-section-height-default elementor-section-height-default\" data-id=\"ffe710e\" data-element_type=\"section\">\n\t\t\t\t\t\t<div class=\"elementor-container elementor-column-gap-default\">\n\t\t\t\t\t\t\t<div class=\"elementor-row\">\n\t\t\t\t\t<div class=\"elementor-column elementor-col-100 elementor-top-column elementor-element elementor-element-5cf263c elementor-invisible\" data-id=\"5cf263c\" data-element_type=\"column\" data-settings=\"{&quot;animation&quot;:&quot;slideInDown&quot;}\">\n\t\t\t<div class=\"elementor-column-wrap elementor-element-populated\">\n\t\t\t\t\t\t\t<div class=\"elementor-widget-wrap\">\n\t\t\t\t\t\t<div class=\"elementor-element elementor-element-d9f3041 elementor-widget elementor-widget-text-editor\" data-id=\"d9f3041\" data-element_type=\"widget\" data-widget_type=\"text-editor.default\">\n\t\t\t\t<div class=\"elementor-widget-container\">\n\t\t\t\t\t<div class=\"elementor-text-editor elementor-clearfix\"><p>&#8222;Die Kunst ist, dass das K\u00fcnstliche nicht k\u00fcnstlich aussieht.&#8220;<\/p><\/div>\n\t\t\t\t<\/div>\n\t\t\t\t<\/div>\n\t\t\t\t\t\t<\/div>\n\t\t\t\t\t<\/div>\n\t\t<\/div>\n\t\t\t\t\t\t\t\t<\/div>\n\t\t\t\t\t<\/div>\n\t\t<\/section>\n\t\t\t\t<section class=\"elementor-section elementor-top-section elementor-element elementor-element-7673837 elementor-section-boxed elementor-section-height-default elementor-section-height-default\" data-id=\"7673837\" data-element_type=\"section\">\n\t\t\t\t\t\t<div class=\"elementor-container elementor-column-gap-default\">\n\t\t\t\t\t\t\t<div class=\"elementor-row\">\n\t\t\t\t\t<div class=\"elementor-column elementor-col-50 elementor-top-column elementor-element elementor-element-c66de02\" data-id=\"c66de02\" data-element_type=\"column\">\n\t\t\t<div class=\"elementor-column-wrap elementor-element-populated\">\n\t\t\t\t\t\t\t<div class=\"elementor-widget-wrap\">\n\t\t\t\t\t\t<div class=\"elementor-element elementor-element-249b079 elementor-widget elementor-widget-image\" data-id=\"249b079\" data-element_type=\"widget\" data-widget_type=\"image.default\">\n\t\t\t\t<div class=\"elementor-widget-container\">\n\t\t\t\t\t<div class=\"elementor-image\">\n\t\t\t\t\t\t\t\t\t\t<img loading=\"lazy\" decoding=\"async\" width=\"960\" height=\"960\" src=\"https:\/\/lpz-cosmetics.de\/wp-content\/uploads\/2024\/01\/ISI_4000x4000-1024x1024.jpg\" class=\"attachment-large size-large\" alt=\"\" srcset=\"https:\/\/lpz-cosmetics.de\/wp-content\/uploads\/2024\/01\/ISI_4000x4000-1024x1024.jpg 1024w, https:\/\/lpz-cosmetics.de\/wp-content\/uploads\/2024\/01\/ISI_4000x4000-300x300.jpg 300w, https:\/\/lpz-cosmetics.de\/wp-content\/uploads\/2024\/01\/ISI_4000x4000-150x150.jpg 150w, https:\/\/lpz-cosmetics.de\/wp-content\/uploads\/2024\/01\/ISI_4000x4000-768x768.jpg 768w, https:\/\/lpz-cosmetics.de\/wp-content\/uploads\/2024\/01\/ISI_4000x4000-1536x1536.jpg 1536w, https:\/\/lpz-cosmetics.de\/wp-content\/uploads\/2024\/01\/ISI_4000x4000-2048x2048.jpg 2048w, https:\/\/lpz-cosmetics.de\/wp-content\/uploads\/2024\/01\/ISI_4000x4000-1140x1140.jpg 1140w, https:\/\/lpz-cosmetics.de\/wp-content\/uploads\/2024\/01\/ISI_4000x4000-75x75.jpg 75w\" sizes=\"auto, (max-width: 960px) 100vw, 960px\" \/>\t\t\t\t\t\t\t\t\t\t\t<\/div>\n\t\t\t\t<\/div>\n\t\t\t\t<\/div>\n\t\t\t\t\t\t<\/div>\n\t\t\t\t\t<\/div>\n\t\t<\/div>\n\t\t\t\t<div class=\"elementor-column elementor-col-50 elementor-top-column elementor-element elementor-element-a96257e\" data-id=\"a96257e\" data-element_type=\"column\">\n\t\t\t<div class=\"elementor-column-wrap elementor-element-populated\">\n\t\t\t\t\t\t\t<div class=\"elementor-widget-wrap\">\n\t\t\t\t\t\t<div class=\"elementor-element elementor-element-9c6d527 elementor-widget elementor-widget-text-editor\" data-id=\"9c6d527\" data-element_type=\"widget\" data-widget_type=\"text-editor.default\">\n\t\t\t\t<div class=\"elementor-widget-container\">\n\t\t\t\t\t<div class=\"elementor-text-editor elementor-clearfix\"><p style=\"caret-color: #000000; color: #000000; font-family: 'Open Sans', sans-serif; font-size: 19px;\"><span style=\"color: #a6a6a6;\">Ich bin Isabel, eine fr\u00f6hliche und lebenslustige Frau, Mama von einem Sohn und lebe mit meiner Familie auf dem Land.<\/span><\/p><p style=\"caret-color: #000000; color: #000000; font-family: 'Open Sans', sans-serif; font-size: 19px;\"><span style=\"color: #a6a6a6;\">Meinen Schulabschluss absolvierte ich in Leipzig, als frisch gebackene junge Mama startete ich 2013 meine Ausbildung zur Industriekauffrau in einem renommierten Unternehmen der Stadt, in diesem war ich \u00fcber 10 Jahre im Marketing t\u00e4tig.\u00a0<\/span><\/p><p style=\"caret-color: #000000; color: #000000; font-family: 'Open Sans', sans-serif; font-size: 19px;\"><span style=\"color: #a6a6a6;\">Parallel bin ich 2019 \u00fcber einen Umweg auf das Microblading gesto\u00dfen und war sofort begeistert. Ich lie\u00df mein eigenes erstes Permanent Make Up vornehmen und absolvierte meine Grundausbildung im PMU Bereich!\u00a0<\/span><span style=\"color: #a6a6a6; letter-spacing: 0px;\">Viele weitere Schulungen, Trainings,\u00a0 Weiterbildungen &amp; Congress Besuche folgten. Meine Leidenschaft zum Permanent Make Up war entfacht und hat bis heute keine Sekunde nachgelassen.<\/span><\/p><p style=\"caret-color: #000000; color: #000000; font-family: 'Open Sans', sans-serif; font-size: 19px;\"><span style=\"color: #a6a6a6;\">Ich gr\u00fcndete mein kleines Studio und arbeitete 4 Jahre gleichzeitig in beiden Jobs. Nun, 2024, habe ich den Sprung gewagt und mir den Traum von der eigenen Selbstst\u00e4ndigkeit in meinem Studio erf\u00fcllt.\u00a0 Darauf bin ich sehr stolz und dankbar.<\/span><\/p><p style=\"caret-color: #000000; color: #000000; font-family: 'Open Sans', sans-serif; font-size: 19px;\"><span style=\"color: #a6a6a6;\">Ich lege meine ganze\u00a0Leidenschaft in die Beratung und das Pigmentieren meiner Kunden. Mein Ziel ist es, dass jede einzelne Kundin bzw. jeder Kunde 100% zufrieden und mit einem positiven Gef\u00fchl aus meiner Behandlung geht.<\/span><\/p><p style=\"caret-color: #000000; color: #000000; font-family: 'Open Sans', sans-serif; font-size: 19px;\"><span style=\"color: #a6a6a6;\">Dabei lege ich besonderen Wert auf die Nat\u00fcrlichkeit der Ergebnisse. St\u00f6ber gerne durch die Website und schau dir ein paar Bilder an. Aktuelle Bilder von Behandlungen findest du auf meinem <span style=\"color: #999999;\"><span style=\"text-decoration: underline;\"><strong><a style=\"color: #999999; text-decoration: underline;\" href=\"https:\/\/www.instagram.com\/lpzcosmetics\/\">Instagramprofil<\/a><\/strong><\/span>.<\/span><\/span><\/p><p style=\"caret-color: #000000; color: #000000; font-family: 'Open Sans', sans-serif; font-size: 19px;\"><span style=\"color: #a6a6a6;\">Doch dies kann eine pers\u00f6nliche Beratung nicht ersetzen. Hast du weitere Fragen oder m\u00f6chtest einen Termin vereinbaren? Dann ruf mich einfach an.<\/span><\/p><p style=\"caret-color: #000000; color: #000000; font-family: 'Open Sans', sans-serif; font-size: 19px;\"><span style=\"color: #a6a6a6;\">Ich bin gerne f\u00fcr dich da und freue mich auf deinen Besuch! Deine Isabel<\/span><\/p><\/div>\n\t\t\t\t<\/div>\n\t\t\t\t<\/div>\n\t\t\t\t\t\t<\/div>\n\t\t\t\t\t<\/div>\n\t\t<\/div>\n\t\t\t\t\t\t\t\t<\/div>\n\t\t\t\t\t<\/div>\n\t\t<\/section>\n\t\t\t\t<section class=\"elementor-section elementor-top-section elementor-element elementor-element-7fea198 elementor-section-boxed elementor-section-height-default elementor-section-height-default\" data-id=\"7fea198\" data-element_type=\"section\">\n\t\t\t\t\t\t<div class=\"elementor-container elementor-column-gap-default\">\n\t\t\t\t\t\t\t<div class=\"elementor-row\">\n\t\t\t\t\t<div class=\"elementor-column elementor-col-100 elementor-top-column elementor-element elementor-element-1e50e84\" data-id=\"1e50e84\" data-element_type=\"column\">\n\t\t\t<div class=\"elementor-column-wrap\">\n\t\t\t\t\t\t\t<div class=\"elementor-widget-wrap\">\n\t\t\t\t\t\t\t\t<\/div>\n\t\t\t\t\t<\/div>\n\t\t<\/div>\n\t\t\t\t\t\t\t\t<\/div>\n\t\t\t\t\t<\/div>\n\t\t<\/section>\n\t\t\t\t<section class=\"elementor-section elementor-top-section elementor-element elementor-element-91a4509 elementor-section-boxed elementor-section-height-default elementor-section-height-default\" data-id=\"91a4509\" data-element_type=\"section\">\n\t\t\t\t\t\t<div class=\"elementor-container elementor-column-gap-default\">\n\t\t\t\t\t\t\t<div class=\"elementor-row\">\n\t\t\t\t\t<div class=\"elementor-column elementor-col-33 elementor-top-column elementor-element elementor-element-20bd9d6\" data-id=\"20bd9d6\" data-element_type=\"column\">\n\t\t\t<div class=\"elementor-column-wrap elementor-element-populated\">\n\t\t\t\t\t\t\t<div class=\"elementor-widget-wrap\">\n\t\t\t\t\t\t<div class=\"elementor-element elementor-element-5929278 elementor-widget elementor-widget-image\" data-id=\"5929278\" data-element_type=\"widget\" data-widget_type=\"image.default\">\n\t\t\t\t<div class=\"elementor-widget-container\">\n\t\t\t\t\t<div class=\"elementor-image\">\n\t\t\t\t\t\t\t\t\t\t<img decoding=\"async\" src=\"https:\/\/lpz-cosmetics.de\/wp-content\/uploads\/2024\/01\/P_AF1805-scaled.jpg\" title=\"P_AF1805\" alt=\"P_AF1805\" \/>\t\t\t\t\t\t\t\t\t\t\t<\/div>\n\t\t\t\t<\/div>\n\t\t\t\t<\/div>\n\t\t\t\t\t\t<\/div>\n\t\t\t\t\t<\/div>\n\t\t<\/div>\n\t\t\t\t<div class=\"elementor-column elementor-col-33 elementor-top-column elementor-element elementor-element-7f94819\" data-id=\"7f94819\" data-element_type=\"column\">\n\t\t\t<div class=\"elementor-column-wrap elementor-element-populated\">\n\t\t\t\t\t\t\t<div class=\"elementor-widget-wrap\">\n\t\t\t\t\t\t<div class=\"elementor-element elementor-element-235be53 elementor-widget elementor-widget-image\" data-id=\"235be53\" data-element_type=\"widget\" data-widget_type=\"image.default\">\n\t\t\t\t<div class=\"elementor-widget-container\">\n\t\t\t\t\t<div class=\"elementor-image\">\n\t\t\t\t\t\t\t\t\t\t<img decoding=\"async\" src=\"https:\/\/lpz-cosmetics.de\/wp-content\/uploads\/2024\/01\/IMG-20231119-WA0034.jpg\" title=\"IMG-20231119-WA0034\" alt=\"IMG-20231119-WA0034\" \/>\t\t\t\t\t\t\t\t\t\t\t<\/div>\n\t\t\t\t<\/div>\n\t\t\t\t<\/div>\n\t\t\t\t\t\t<\/div>\n\t\t\t\t\t<\/div>\n\t\t<\/div>\n\t\t\t\t<div class=\"elementor-column elementor-col-33 elementor-top-column elementor-element elementor-element-e0baeb7\" data-id=\"e0baeb7\" data-element_type=\"column\">\n\t\t\t<div class=\"elementor-column-wrap elementor-element-populated\">\n\t\t\t\t\t\t\t<div class=\"elementor-widget-wrap\">\n\t\t\t\t\t\t<div class=\"elementor-element elementor-element-07d016f elementor-widget elementor-widget-image\" data-id=\"07d016f\" data-element_type=\"widget\" data-widget_type=\"image.default\">\n\t\t\t\t<div class=\"elementor-widget-container\">\n\t\t\t\t\t<div class=\"elementor-image\">\n\t\t\t\t\t\t\t\t\t\t<img decoding=\"async\" src=\"https:\/\/lpz-cosmetics.de\/wp-content\/uploads\/2024\/01\/P_AF1532-scaled.jpg\" title=\"P_AF1532\" alt=\"P_AF1532\" \/>\t\t\t\t\t\t\t\t\t\t\t<\/div>\n\t\t\t\t<\/div>\n\t\t\t\t<\/div>\n\t\t\t\t\t\t<\/div>\n\t\t\t\t\t<\/div>\n\t\t<\/div>\n\t\t\t\t\t\t\t\t<\/div>\n\t\t\t\t\t<\/div>\n\t\t<\/section>\n\t\t\t\t<section class=\"elementor-section elementor-top-section elementor-element elementor-element-5a1003b elementor-section-boxed elementor-section-height-default elementor-section-height-default\" data-id=\"5a1003b\" data-element_type=\"section\">\n\t\t\t\t\t\t<div class=\"elementor-container elementor-column-gap-default\">\n\t\t\t\t\t\t\t<div class=\"elementor-row\">\n\t\t\t\t\t<div class=\"elementor-column elementor-col-100 elementor-top-column elementor-element elementor-element-a3a943f\" data-id=\"a3a943f\" data-element_type=\"column\">\n\t\t\t<div class=\"elementor-column-wrap\">\n\t\t\t\t\t\t\t<div class=\"elementor-widget-wrap\">\n\t\t\t\t\t\t\t\t<\/div>\n\t\t\t\t\t<\/div>\n\t\t<\/div>\n\t\t\t\t\t\t\t\t<\/div>\n\t\t\t\t\t<\/div>\n\t\t<\/section>\n\t\t\t\t\t\t<\/div>\n\t\t\t\t\t\t<\/div>\n\t\t\t\t\t<\/div>\n\t\t","protected":false},"excerpt":{"rendered":"<p>&#8222;Die Kunst ist, dass das K\u00fcnstliche nicht k\u00fcnstlich aussieht.&#8220; Ich bin Isabel, eine fr\u00f6hliche und lebenslustige Frau, Mama von einem Sohn und lebe mit meiner Familie auf dem Land. Meinen Schulabschluss absolvierte ich in Leipzig, als frisch gebackene junge Mama startete ich 2013 meine Ausbildung zur Industriekauffrau in einem renommierten Unternehmen der Stadt, in diesem war ich \u00fcber 10 Jahre im Marketing t\u00e4tig.&nbsp; Parallel bin ich 2019 \u00fcber einen Umweg auf das Microblading gesto\u00dfen und war sofort begeistert. Ich lie\u00df mein eigenes erstes Permanent Make Up vornehmen und absolvierte meine Grundausbildung im PMU Bereich!&nbsp;Viele weitere Schulungen, Trainings,&nbsp; Weiterbildungen &amp; Congress Besuche folgten. Meine Leidenschaft zum Permanent Make Up war entfacht und hat bis heute keine Sekunde nachgelassen. Ich gr\u00fcndete mein kleines Studio und arbeitete 4 Jahre gleichzeitig in beiden Jobs. Nun, 2024, habe ich den Sprung gewagt und mir den Traum von der eigenen Selbstst\u00e4ndigkeit in meinem Studio erf\u00fcllt.&nbsp; Darauf bin ich sehr stolz und dankbar. Ich lege meine ganze&nbsp;Leidenschaft in die Beratung und das Pigmentieren meiner Kunden. Mein Ziel ist es, dass jede einzelne Kundin bzw. jeder Kunde 100% zufrieden und mit einem positiven Gef\u00fchl aus meiner Behandlung geht. Dabei lege ich besonderen Wert auf die Nat\u00fcrlichkeit der Ergebnisse. St\u00f6ber gerne durch die Website und schau dir ein paar Bilder an. Aktuelle Bilder von Behandlungen findest du auf meinem Instagramprofil. Doch dies kann eine pers\u00f6nliche Beratung nicht ersetzen. Hast du weitere Fragen oder m\u00f6chtest einen Termin vereinbaren? Dann ruf mich einfach an. Ich bin gerne f\u00fcr dich da und freue mich auf deinen Besuch! Deine Isabel<\/p>\n","protected":false},"author":1,"featured_media":0,"parent":0,"menu_order":0,"comment_status":"closed","ping_status":"closed","template":"elementor_header_footer","meta":{"footnotes":""},"class_list":["post-5","page","type-page","status-publish","hentry"],"_links":{"self":[{"href":"https:\/\/lpz-cosmetics.de\/index.php?rest_route=\/wp\/v2\/pages\/5","targetHints":{"allow":["GET"]}}],"collection":[{"href":"https:\/\/lpz-cosmetics.de\/index.php?rest_route=\/wp\/v2\/pages"}],"about":[{"href":"https:\/\/lpz-cosmetics.de\/index.php?rest_route=\/wp\/v2\/types\/page"}],"author":[{"embeddable":true,"href":"https:\/\/lpz-cosmetics.de\/index.php?rest_route=\/wp\/v2\/users\/1"}],"replies":[{"embeddable":true,"href":"https:\/\/lpz-cosmetics.de\/index.php?rest_route=%2Fwp%2Fv2%2Fcomments&post=5"}],"version-history":[{"count":63,"href":"https:\/\/lpz-cosmetics.de\/index.php?rest_route=\/wp\/v2\/pages\/5\/revisions"}],"predecessor-version":[{"id":550,"href":"https:\/\/lpz-cosmetics.de\/index.php?rest_route=\/wp\/v2\/pages\/5\/revisions\/550"}],"wp:attachment":[{"href":"https:\/\/lpz-cosmetics.de\/index.php?rest_route=%2Fwp%2Fv2%2Fmedia&parent=5"}],"curies":[{"name":"wp","href":"https:\/\/api.w.org\/{rel}","templated":true}]}}